{"id":5230,"date":"2023-02-08T21:44:06","date_gmt":"2023-02-08T21:44:06","guid":{"rendered":"https:\/\/coendustriyel.com\/?page_id=5230"},"modified":"2023-02-28T20:17:49","modified_gmt":"2023-02-28T20:17:49","slug":"ozel-detaylar","status":"publish","type":"page","link":"https:\/\/coendustriyel.com\/en\/ozel-detaylar\/","title":{"rendered":"ORDERED SPEC\u0130AL PARTS"},"content":{"rendered":"<div data-elementor-type=\"wp-page\" data-elementor-id=\"5230\" class=\"elementor elementor-5230\" data-elementor-settings=\"{&quot;ha_cmc_init_switcher&quot;:&quot;no&quot;}\">\n\t\t\t\t\t\t<section class=\"elementor-section elementor-top-section elementor-element elementor-element-ccafba1 elementor-section-boxed elementor-section-height-default elementor-section-height-default\" data-id=\"ccafba1\" data-element_type=\"section\" data-e-type=\"section\" data-settings=\"{&quot;_ha_eqh_enable&quot;:false}\">\n\t\t\t\t\t\t<div class=\"elementor-container elementor-column-gap-default\">\n\t\t\t\t\t<div class=\"elementor-column elementor-col-25 elementor-top-column elementor-element elementor-element-ddf455b\" data-id=\"ddf455b\" data-element_type=\"column\" data-e-type=\"column\">\n\t\t\t<div class=\"elementor-widget-wrap\">\n\t\t\t\t\t\t\t<\/div>\n\t\t<\/div>\n\t\t\t\t<div class=\"elementor-column elementor-col-50 elementor-top-column elementor-element elementor-element-3fec505\" data-id=\"3fec505\" data-element_type=\"column\" data-e-type=\"column\">\n\t\t\t<div class=\"elementor-widget-wrap elementor-element-populated\">\n\t\t\t\t\t\t<div class=\"elementor-element elementor-element-48f2b95 elementor-widget elementor-widget-spacer\" data-id=\"48f2b95\" data-element_type=\"widget\" data-e-type=\"widget\" data-widget_type=\"spacer.default\">\n\t\t\t\t<div class=\"elementor-widget-container\">\n\t\t\t\t\t\t\t<div class=\"elementor-spacer\">\n\t\t\t<div class=\"elementor-spacer-inner\"><\/div>\n\t\t<\/div>\n\t\t\t\t\t\t<\/div>\n\t\t\t\t<\/div>\n\t\t\t\t<div class=\"elementor-element elementor-element-7d041a1 elementor-widget elementor-widget-heading\" data-id=\"7d041a1\" data-element_type=\"widget\" data-e-type=\"widget\" data-widget_type=\"heading.default\">\n\t\t\t\t<div class=\"elementor-widget-container\">\n\t\t\t\t\t<h1 class=\"elementor-heading-title elementor-size-default\">SPECIAL PARTS FOR ORDER<\/h1>\t\t\t\t<\/div>\n\t\t\t\t<\/div>\n\t\t\t\t<div class=\"elementor-element elementor-element-6233d6a elementor-widget elementor-widget-eael-image-accordion\" data-id=\"6233d6a\" data-element_type=\"widget\" data-e-type=\"widget\" data-widget_type=\"eael-image-accordion.default\">\n\t\t\t\t<div class=\"elementor-widget-container\">\n\t\t\t\t\t    <div class=\"eael-img-accordion accordion-direction-horizontal eael-img-accordion-horizontal-align-center eael-img-accordion-vertical-align-center\" id=\"eael-img-accordion-6233d6a\" data-img-accordion-id=\"6233d6a\" data-img-accordion-type=\"on-hover\">\n                    \n            <div class=\"eael-image-accordion-hover eael-image-accordion-item overlay-active\" style=\"background-image: url(https:\/\/coendustriyel.com\/wp-content\/uploads\/2023\/02\/\u0417\u0410\u041a\u0410\u0417\u041d\u042b\u0415-\u0414\u0415\u0422\u0410\u041b\u0418-3.png); flex: 3 1 0%;\"  tabindex=\"0\">\n                <div class=\"overlay\">\n                                        <div class=\"overlay-inner  overlay-inner-show\">\n                                            <\/div>\n                <\/div>\n            <\/div>\n                    \n            <div class=\"eael-image-accordion-hover eael-image-accordion-item\" style=\"background-image: url(https:\/\/coendustriyel.com\/wp-content\/uploads\/2023\/02\/\u0417\u0410\u041a\u0410\u0417\u041d\u042b\u0415-\u0414\u0415\u0422\u0410\u041b\u0418-2.png);\"  tabindex=\"0\">\n                <div class=\"overlay\">\n                                        <div class=\"overlay-inner\">\n                                            <\/div>\n                <\/div>\n            <\/div>\n                    \n            <div class=\"eael-image-accordion-hover eael-image-accordion-item\" style=\"background-image: url(https:\/\/coendustriyel.com\/wp-content\/uploads\/2023\/02\/\u0417\u0410\u041a\u0410\u0417\u041d\u042b\u0415-\u0414\u0415\u0422\u0410\u041b\u0418-1.png);\"  tabindex=\"0\">\n                <div class=\"overlay\">\n                                        <div class=\"overlay-inner\">\n                                            <\/div>\n                <\/div>\n            <\/div>\n                    \n            <div class=\"eael-image-accordion-hover eael-image-accordion-item\" style=\"background-image: url(https:\/\/coendustriyel.com\/wp-content\/uploads\/2023\/02\/\u0417\u0410\u041a\u0410\u0417\u041d\u042b\u0415-\u0414\u0415\u0422\u0410\u041b\u0418-4.png);\"  tabindex=\"0\">\n                <div class=\"overlay\">\n                                        <div class=\"overlay-inner\">\n                                            <\/div>\n                <\/div>\n            <\/div>\n                <\/div>\n        <style typr=\"text\/css\">\n                    #eael-img-accordion-6233d6a .eael-image-accordion-hover:hover {\n                        flex: 3 1 0% !important;\n                    }\n                    #eael-img-accordion-6233d6a .eael-image-accordion-hover:hover:hover .overlay-inner * {\n                        opacity: 1;\n                        visibility: visible;\n                        transform: none;\n                        transition: all .3s .3s;\n                    }\n                <\/style>\t\t\t\t<\/div>\n\t\t\t\t<\/div>\n\t\t\t\t\t<\/div>\n\t\t<\/div>\n\t\t\t\t<div class=\"elementor-column elementor-col-25 elementor-top-column elementor-element elementor-element-3634505\" data-id=\"3634505\" data-element_type=\"column\" data-e-type=\"column\">\n\t\t\t<div class=\"elementor-widget-wrap\">\n\t\t\t\t\t\t\t<\/div>\n\t\t<\/div>\n\t\t\t\t\t<\/div>\n\t\t<\/section>\n\t\t\t\t<section class=\"elementor-section elementor-top-section elementor-element elementor-element-b0d027c elementor-section-boxed elementor-section-height-default elementor-section-height-default\" data-id=\"b0d027c\" data-element_type=\"section\" data-e-type=\"section\" data-settings=\"{&quot;_ha_eqh_enable&quot;:false}\">\n\t\t\t\t\t\t<div class=\"elementor-container elementor-column-gap-default\">\n\t\t\t\t\t<div class=\"elementor-column elementor-col-25 elementor-top-column elementor-element elementor-element-a305ace\" data-id=\"a305ace\" data-element_type=\"column\" data-e-type=\"column\">\n\t\t\t<div class=\"elementor-widget-wrap\">\n\t\t\t\t\t\t\t<\/div>\n\t\t<\/div>\n\t\t\t\t<div class=\"elementor-column elementor-col-50 elementor-top-column elementor-element elementor-element-5e7cf29\" data-id=\"5e7cf29\" data-element_type=\"column\" data-e-type=\"column\">\n\t\t\t<div class=\"elementor-widget-wrap elementor-element-populated\">\n\t\t\t\t\t\t<div class=\"elementor-element elementor-element-fb5e7e0 elementor-widget elementor-widget-text-editor\" data-id=\"fb5e7e0\" data-element_type=\"widget\" data-e-type=\"widget\" data-widget_type=\"text-editor.default\">\n\t\t\t\t<div class=\"elementor-widget-container\">\n\t\t\t\t\t\t\t\t\t<p>Co Endustrial offers a wide range of services for the selection and delivery of spare parts and components for industrial screw presses, but also for process line equipment (e.g. feeders, filters, motors, gears, etc.) and equipment of partner companies.<\/p>\t\t\t\t\t\t\t\t<\/div>\n\t\t\t\t<\/div>\n\t\t\t\t<div class=\"elementor-element elementor-element-1b24317 elementor-widget elementor-widget-spacer\" data-id=\"1b24317\" data-element_type=\"widget\" data-e-type=\"widget\" data-widget_type=\"spacer.default\">\n\t\t\t\t<div class=\"elementor-widget-container\">\n\t\t\t\t\t\t\t<div class=\"elementor-spacer\">\n\t\t\t<div class=\"elementor-spacer-inner\"><\/div>\n\t\t<\/div>\n\t\t\t\t\t\t<\/div>\n\t\t\t\t<\/div>\n\t\t\t\t\t<\/div>\n\t\t<\/div>\n\t\t\t\t<div class=\"elementor-column elementor-col-25 elementor-top-column elementor-element elementor-element-ed0e9a1\" data-id=\"ed0e9a1\" data-element_type=\"column\" data-e-type=\"column\">\n\t\t\t<div class=\"elementor-widget-wrap\">\n\t\t\t\t\t\t\t<\/div>\n\t\t<\/div>\n\t\t\t\t\t<\/div>\n\t\t<\/section>\n\t\t\t\t<\/div>","protected":false},"excerpt":{"rendered":"<p>S\u0130PAR\u0130\u015eE \u00d6ZEL DETYLAR Co Endustriyel\u00a0 vidal\u0131 presler i\u00e7in de\u011fil, ayn\u0131 zamanda proses hatt\u0131 ekipmanlar\u0131 (\u00f6rne\u011fin besleyiciler, filtreler, motorlar, di\u015fliler, vb.) ve ortak \u015firketlerinin ekipmanlar\u0131 i\u00e7in yedek par\u00e7a ve bile\u015fenlerin se\u00e7imi ve teslimat\u0131 i\u00e7in geni\u015f bir hizmet yelpazesi sunmaktad\u0131r.<\/p>","protected":false},"author":2,"featured_media":0,"parent":0,"menu_order":0,"comment_status":"closed","ping_status":"closed","template":"elementor_header_footer","meta":{"footnotes":""},"class_list":["post-5230","page","type-page","status-publish","hentry"],"_links":{"self":[{"href":"https:\/\/coendustriyel.com\/en\/wp-json\/wp\/v2\/pages\/5230","targetHints":{"allow":["GET"]}}],"collection":[{"href":"https:\/\/coendustriyel.com\/en\/wp-json\/wp\/v2\/pages"}],"about":[{"href":"https:\/\/coendustriyel.com\/en\/wp-json\/wp\/v2\/types\/page"}],"author":[{"embeddable":true,"href":"https:\/\/coendustriyel.com\/en\/wp-json\/wp\/v2\/users\/2"}],"replies":[{"embeddable":true,"href":"https:\/\/coendustriyel.com\/en\/wp-json\/wp\/v2\/comments?post=5230"}],"version-history":[{"count":11,"href":"https:\/\/coendustriyel.com\/en\/wp-json\/wp\/v2\/pages\/5230\/revisions"}],"predecessor-version":[{"id":5727,"href":"https:\/\/coendustriyel.com\/en\/wp-json\/wp\/v2\/pages\/5230\/revisions\/5727"}],"wp:attachment":[{"href":"https:\/\/coendustriyel.com\/en\/wp-json\/wp\/v2\/media?parent=5230"}],"curies":[{"name":"wp","href":"https:\/\/api.w.org\/{rel}","templated":true}]}}