{"id":5131,"date":"2023-02-07T15:06:22","date_gmt":"2023-02-07T15:06:22","guid":{"rendered":"https:\/\/coendustriyel.com\/?page_id=5131"},"modified":"2023-03-05T08:42:21","modified_gmt":"2023-03-05T08:42:21","slug":"servisler","status":"publish","type":"page","link":"https:\/\/coendustriyel.com\/en\/servisler\/","title":{"rendered":"SERV\u0130CES"},"content":{"rendered":"<div data-elementor-type=\"wp-page\" data-elementor-id=\"5131\" class=\"elementor elementor-5131\" data-elementor-settings=\"{&quot;ha_cmc_init_switcher&quot;:&quot;no&quot;}\">\n\t\t\t\t\t\t<section class=\"elementor-section elementor-top-section elementor-element elementor-element-14e40007 elementor-section-boxed elementor-section-height-default elementor-section-height-default\" data-id=\"14e40007\" data-element_type=\"section\" data-e-type=\"section\" data-settings=\"{&quot;background_background&quot;:&quot;classic&quot;,&quot;_ha_eqh_enable&quot;:false}\">\n\t\t\t\t\t\t<div class=\"elementor-container elementor-column-gap-no\">\n\t\t\t\t\t<div class=\"elementor-column elementor-col-100 elementor-top-column elementor-element elementor-element-108c339e\" data-id=\"108c339e\" data-element_type=\"column\" data-e-type=\"column\">\n\t\t\t<div class=\"elementor-widget-wrap elementor-element-populated\">\n\t\t\t\t\t\t<div class=\"elementor-element elementor-element-2def19cf elementor-invisible elementor-widget elementor-widget-heading\" data-id=\"2def19cf\" data-element_type=\"widget\" data-e-type=\"widget\" data-settings=\"{&quot;_animation&quot;:&quot;fadeInUp&quot;}\" data-widget_type=\"heading.default\">\n\t\t\t\t<div class=\"elementor-widget-container\">\n\t\t\t\t\t<h3 class=\"elementor-heading-title elementor-size-default\">Services<\/h3>\t\t\t\t<\/div>\n\t\t\t\t<\/div>\n\t\t\t\t<div class=\"elementor-element elementor-element-2731cc2f elementor-invisible elementor-widget elementor-widget-text-editor\" data-id=\"2731cc2f\" data-element_type=\"widget\" data-e-type=\"widget\" data-settings=\"{&quot;_animation&quot;:&quot;fadeInUp&quot;}\" data-widget_type=\"text-editor.default\">\n\t\t\t\t<div class=\"elementor-widget-container\">\n\t\t\t\t\t\t\t\t\t<p>Her y\u0131l Co Endustriyel uzmanlar\u0131, fabrikalara planl\u0131 servis ziyaretleri ger\u00e7ekle\u015ftirmektedir. Bu, her t\u00fcrl\u00fc ar\u0131zay\u0131 ve sonu\u00e7 olarak \u00fcretimin durmas\u0131n\u0131 ve daha fazla kayb\u0131 \u00f6nler.<\/p><p>Bu servis ziyaretleri s\u0131ras\u0131nda Co Endustriyel \u00e7al\u0131\u015fanlar\u0131 preslerin \u00e7al\u0131\u015fmas\u0131n\u0131 kontrol etmekte ve uygun bak\u0131m ve a\u015f\u0131nm\u0131\u015f par\u00e7alar\u0131n de\u011fi\u015ftirilmesi i\u00e7in \u00f6neriler i\u00e7eren raporlar haz\u0131rlamaktad\u0131r.<\/p><p>It is common practice to invite industrial experts to participate in preventive maintenance work at facilities.<\/p><p>Proactive maintenance program that ensures a long-term (3-5 years) cooperation with the company. The focus is on the preventive part. The aim is to avoid unplanned emergency shutdowns, reduce management effort through a tailor-made procurement plan and ensure planned availability of materials and guaranteed prices for the duration of the contract.<\/p><p>The benefits of the program are indisputable. The experience of businesses that have already implemented the program demonstrates a range of benefits:<\/p>\t\t\t\t\t\t\t\t<\/div>\n\t\t\t\t<\/div>\n\t\t\t\t<div class=\"elementor-element elementor-element-5e85012 elementor-invisible elementor-widget elementor-widget-text-editor\" data-id=\"5e85012\" data-element_type=\"widget\" data-e-type=\"widget\" data-settings=\"{&quot;_animation&quot;:&quot;fadeInUp&quot;}\" data-widget_type=\"text-editor.default\">\n\t\t\t\t<div class=\"elementor-widget-container\">\n\t\t\t\t\t\t\t\t\t<p>\u25fe\ufe0f The processing of animal waste, for example, generates stable profits - up to 3% residual oil is achieved as a result of planned and consistent processes,<br \/>\u25fe\ufe0f Relieving supply chain personnel,<br \/>\u25fe\ufe0fMalzemeler due to reduced storage costs and no deviations in the long-term supply situation,<br \/>\u25fe\ufe0fCost efficiency through \u0130ndirimler.<\/p>\t\t\t\t\t\t\t\t<\/div>\n\t\t\t\t<\/div>\n\t\t\t\t\t<\/div>\n\t\t<\/div>\n\t\t\t\t\t<\/div>\n\t\t<\/section>\n\t\t\t\t<section class=\"elementor-section elementor-top-section elementor-element elementor-element-f6e461f elementor-section-boxed elementor-section-height-default elementor-section-height-default\" data-id=\"f6e461f\" data-element_type=\"section\" data-e-type=\"section\" data-settings=\"{&quot;_ha_eqh_enable&quot;:false}\">\n\t\t\t\t\t\t<div class=\"elementor-container elementor-column-gap-default\">\n\t\t\t\t\t<div class=\"elementor-column elementor-col-100 elementor-top-column elementor-element elementor-element-b1db01c\" data-id=\"b1db01c\" data-element_type=\"column\" data-e-type=\"column\">\n\t\t\t<div class=\"elementor-widget-wrap elementor-element-populated\">\n\t\t\t\t\t\t<div class=\"elementor-element elementor-element-a70d3ea elementor-invisible elementor-widget elementor-widget-heading\" data-id=\"a70d3ea\" data-element_type=\"widget\" data-e-type=\"widget\" data-settings=\"{&quot;_animation&quot;:&quot;fadeInUp&quot;}\" data-widget_type=\"heading.default\">\n\t\t\t\t<div class=\"elementor-widget-container\">\n\t\t\t\t\t<h3 class=\"elementor-heading-title elementor-size-default\">PREMIUM PACKAGE SCHEME 2-5 YEAR CONTRACT:<\/h3>\t\t\t\t<\/div>\n\t\t\t\t<\/div>\n\t\t\t\t\t<\/div>\n\t\t<\/div>\n\t\t\t\t\t<\/div>\n\t\t<\/section>\n\t\t\t\t<section class=\"elementor-section elementor-top-section elementor-element elementor-element-3a663d9 elementor-section-boxed elementor-section-height-default elementor-section-height-default\" data-id=\"3a663d9\" data-element_type=\"section\" data-e-type=\"section\" data-settings=\"{&quot;_ha_eqh_enable&quot;:false}\">\n\t\t\t\t\t\t<div class=\"elementor-container elementor-column-gap-default\">\n\t\t\t\t\t<div class=\"elementor-column elementor-col-33 elementor-top-column elementor-element elementor-element-22a8b3c\" data-id=\"22a8b3c\" data-element_type=\"column\" data-e-type=\"column\">\n\t\t\t<div class=\"elementor-widget-wrap\">\n\t\t\t\t\t\t\t<\/div>\n\t\t<\/div>\n\t\t\t\t<div class=\"elementor-column elementor-col-33 elementor-top-column elementor-element elementor-element-f567fb2\" data-id=\"f567fb2\" data-element_type=\"column\" data-e-type=\"column\">\n\t\t\t<div class=\"elementor-widget-wrap elementor-element-populated\">\n\t\t\t\t\t\t<div class=\"elementor-element elementor-element-ada67bb elementor-widget elementor-widget-image\" data-id=\"ada67bb\" data-element_type=\"widget\" data-e-type=\"widget\" data-widget_type=\"image.default\">\n\t\t\t\t<div class=\"elementor-widget-container\">\n\t\t\t\t\t\t\t\t\t\t\t\t\t\t\t<img fetchpriority=\"high\" decoding=\"async\" width=\"614\" height=\"282\" src=\"https:\/\/coendustriyel.com\/wp-content\/uploads\/2023\/03\/SEMA.jpg\" class=\"attachment-large size-large wp-image-5781\" alt=\"\" srcset=\"https:\/\/coendustriyel.com\/wp-content\/uploads\/2023\/03\/SEMA.jpg 614w, https:\/\/coendustriyel.com\/wp-content\/uploads\/2023\/03\/SEMA-300x138.jpg 300w, https:\/\/coendustriyel.com\/wp-content\/uploads\/2023\/03\/SEMA-18x8.jpg 18w\" sizes=\"(max-width: 614px) 100vw, 614px\" \/>\t\t\t\t\t\t\t\t\t\t\t\t\t\t\t<\/div>\n\t\t\t\t<\/div>\n\t\t\t\t\t<\/div>\n\t\t<\/div>\n\t\t\t\t<div class=\"elementor-column elementor-col-33 elementor-top-column elementor-element elementor-element-ca88eee\" data-id=\"ca88eee\" data-element_type=\"column\" data-e-type=\"column\">\n\t\t\t<div class=\"elementor-widget-wrap\">\n\t\t\t\t\t\t\t<\/div>\n\t\t<\/div>\n\t\t\t\t\t<\/div>\n\t\t<\/section>\n\t\t\t\t<section class=\"elementor-section elementor-top-section elementor-element elementor-element-0c30fd4 elementor-section-boxed elementor-section-height-default elementor-section-height-default\" data-id=\"0c30fd4\" data-element_type=\"section\" data-e-type=\"section\" data-settings=\"{&quot;_ha_eqh_enable&quot;:false}\">\n\t\t\t\t\t\t<div class=\"elementor-container elementor-column-gap-default\">\n\t\t\t\t\t<div class=\"elementor-column elementor-col-100 elementor-top-column elementor-element elementor-element-147db00\" data-id=\"147db00\" data-element_type=\"column\" data-e-type=\"column\">\n\t\t\t<div class=\"elementor-widget-wrap elementor-element-populated\">\n\t\t\t\t\t\t<div class=\"elementor-element elementor-element-517646b elementor-invisible elementor-widget elementor-widget-text-editor\" data-id=\"517646b\" data-element_type=\"widget\" data-e-type=\"widget\" data-settings=\"{&quot;_animation&quot;:&quot;fadeInUp&quot;}\" data-widget_type=\"text-editor.default\">\n\t\t\t\t<div class=\"elementor-widget-container\">\n\t\t\t\t\t\t\t\t\t<p>Co Endustriyel m\u00fc\u015fterileri i\u00e7in d\u00fczenlenen Uluslararas\u0131 Servis Konferans\u0131n\u0131n amac\u0131, en son teknik geli\u015fmeleri sunmak, sunulan servis programlar\u0131n\u0131n olanaklar\u0131n\u0131 ve faydalar\u0131n\u0131 a\u00e7\u0131klamak ve m\u00fc\u015fteri tesislerinden teknik y\u00f6neticilerin endi\u015felerini tart\u0131\u015fabilecekleri bir forum olu\u015fturmakt\u0131.<\/p><p>The conference paid special attention to reports and questions from plant representatives, discussed problems and solutions, and identified the main topics for future conferences. Conference participants commented on the informative and topical nature of the presentations and the opportunity to discuss issues important to them with their colleagues and equipment manufacturers.<\/p>\t\t\t\t\t\t\t\t<\/div>\n\t\t\t\t<\/div>\n\t\t\t\t\t<\/div>\n\t\t<\/div>\n\t\t\t\t\t<\/div>\n\t\t<\/section>\n\t\t\t\t<section class=\"elementor-section elementor-top-section elementor-element elementor-element-45c4dbd elementor-section-boxed elementor-section-height-default elementor-section-height-default\" data-id=\"45c4dbd\" data-element_type=\"section\" data-e-type=\"section\" data-settings=\"{&quot;_ha_eqh_enable&quot;:false}\">\n\t\t\t\t\t\t<div class=\"elementor-container elementor-column-gap-default\">\n\t\t\t\t\t<div class=\"elementor-column elementor-col-25 elementor-top-column elementor-element elementor-element-917622b\" data-id=\"917622b\" data-element_type=\"column\" data-e-type=\"column\">\n\t\t\t<div class=\"elementor-widget-wrap\">\n\t\t\t\t\t\t\t<\/div>\n\t\t<\/div>\n\t\t\t\t<div class=\"elementor-column elementor-col-50 elementor-top-column elementor-element elementor-element-386d386\" data-id=\"386d386\" data-element_type=\"column\" data-e-type=\"column\">\n\t\t\t<div class=\"elementor-widget-wrap elementor-element-populated\">\n\t\t\t\t\t\t<div class=\"elementor-element elementor-element-0761de1 elementor-widget elementor-widget-heading\" data-id=\"0761de1\" data-element_type=\"widget\" data-e-type=\"widget\" data-widget_type=\"heading.default\">\n\t\t\t\t<div class=\"elementor-widget-container\">\n\t\t\t\t\t<h2 class=\"elementor-heading-title elementor-size-default\">OUR SERVICE STATION OFFERS A WIDE RANGE OF EQUIPMENT MAINTENANCE SERVICES:<\/h2>\t\t\t\t<\/div>\n\t\t\t\t<\/div>\n\t\t\t\t\t<\/div>\n\t\t<\/div>\n\t\t\t\t<div class=\"elementor-column elementor-col-25 elementor-top-column elementor-element elementor-element-be2e23e\" data-id=\"be2e23e\" data-element_type=\"column\" data-e-type=\"column\">\n\t\t\t<div class=\"elementor-widget-wrap\">\n\t\t\t\t\t\t\t<\/div>\n\t\t<\/div>\n\t\t\t\t\t<\/div>\n\t\t<\/section>\n\t\t\t\t<section class=\"elementor-section elementor-top-section elementor-element elementor-element-d87c731 elementor-section-boxed elementor-section-height-default elementor-section-height-default\" data-id=\"d87c731\" data-element_type=\"section\" data-e-type=\"section\" data-settings=\"{&quot;background_background&quot;:&quot;classic&quot;,&quot;_ha_eqh_enable&quot;:false}\">\n\t\t\t\t\t\t\t<div class=\"elementor-background-overlay\"><\/div>\n\t\t\t\t\t\t\t<div class=\"elementor-container elementor-column-gap-default\">\n\t\t\t\t\t<div class=\"elementor-column elementor-col-20 elementor-top-column elementor-element elementor-element-59c235b\" data-id=\"59c235b\" data-element_type=\"column\" data-e-type=\"column\" data-settings=\"{&quot;background_background&quot;:&quot;classic&quot;}\">\n\t\t\t<div class=\"elementor-widget-wrap\">\n\t\t\t\t\t\t\t<\/div>\n\t\t<\/div>\n\t\t\t\t<div class=\"elementor-column elementor-col-20 elementor-top-column elementor-element elementor-element-eac766d elementor-invisible\" data-id=\"eac766d\" data-element_type=\"column\" data-e-type=\"column\" data-settings=\"{&quot;background_background&quot;:&quot;classic&quot;,&quot;animation&quot;:&quot;fadeIn&quot;}\">\n\t\t\t<div class=\"elementor-widget-wrap elementor-element-populated\">\n\t\t\t\t\t\t<div class=\"elementor-element elementor-element-bcee76e elementor-position-top elementor-widget elementor-widget-image-box\" data-id=\"bcee76e\" data-element_type=\"widget\" data-e-type=\"widget\" data-widget_type=\"image-box.default\">\n\t\t\t\t<div class=\"elementor-widget-container\">\n\t\t\t\t\t<div class=\"elementor-image-box-wrapper\"><figure class=\"elementor-image-box-img\"><img decoding=\"async\" width=\"127\" height=\"129\" src=\"https:\/\/coendustriyel.com\/wp-content\/uploads\/2023\/02\/675.png\" class=\"attachment-full size-full wp-image-5482\" alt=\"\" srcset=\"https:\/\/coendustriyel.com\/wp-content\/uploads\/2023\/02\/675.png 127w, https:\/\/coendustriyel.com\/wp-content\/uploads\/2023\/02\/675-12x12.png 12w, https:\/\/coendustriyel.com\/wp-content\/uploads\/2023\/02\/675-46x46.png 46w, https:\/\/coendustriyel.com\/wp-content\/uploads\/2023\/02\/675-54x54.png 54w, https:\/\/coendustriyel.com\/wp-content\/uploads\/2023\/02\/675-80x80.png 80w\" sizes=\"(max-width: 127px) 100vw, 127px\" \/><\/figure><div class=\"elementor-image-box-content\"><h3 class=\"elementor-image-box-title\">Onar\u0131m \u00e7al\u0131\u015fmalar\u0131na yard\u0131mc\u0131 olmak i\u00e7in uzman ziyaretleri <\/h3><\/div><\/div>\t\t\t\t<\/div>\n\t\t\t\t<\/div>\n\t\t\t\t\t<\/div>\n\t\t<\/div>\n\t\t\t\t<div class=\"elementor-column elementor-col-20 elementor-top-column elementor-element elementor-element-313dde8\" data-id=\"313dde8\" data-element_type=\"column\" data-e-type=\"column\" data-settings=\"{&quot;background_background&quot;:&quot;classic&quot;}\">\n\t\t\t<div class=\"elementor-widget-wrap elementor-element-populated\">\n\t\t\t\t\t\t<div class=\"elementor-element elementor-element-d4bd243 elementor-position-top elementor-widget elementor-widget-image-box\" data-id=\"d4bd243\" data-element_type=\"widget\" data-e-type=\"widget\" data-widget_type=\"image-box.default\">\n\t\t\t\t<div class=\"elementor-widget-container\">\n\t\t\t\t\t<div class=\"elementor-image-box-wrapper\"><figure class=\"elementor-image-box-img\"><img decoding=\"async\" width=\"127\" height=\"129\" src=\"https:\/\/coendustriyel.com\/wp-content\/uploads\/2023\/02\/1323.png\" class=\"attachment-full size-full wp-image-5483\" alt=\"\" srcset=\"https:\/\/coendustriyel.com\/wp-content\/uploads\/2023\/02\/1323.png 127w, https:\/\/coendustriyel.com\/wp-content\/uploads\/2023\/02\/1323-12x12.png 12w, https:\/\/coendustriyel.com\/wp-content\/uploads\/2023\/02\/1323-46x46.png 46w, https:\/\/coendustriyel.com\/wp-content\/uploads\/2023\/02\/1323-54x54.png 54w, https:\/\/coendustriyel.com\/wp-content\/uploads\/2023\/02\/1323-80x80.png 80w\" sizes=\"(max-width: 127px) 100vw, 127px\" \/><\/figure><div class=\"elementor-image-box-content\"><h3 class=\"elementor-image-box-title\">Assisting our customers with commissioning<\/h3><\/div><\/div>\t\t\t\t<\/div>\n\t\t\t\t<\/div>\n\t\t\t\t\t<\/div>\n\t\t<\/div>\n\t\t\t\t<div class=\"elementor-column elementor-col-20 elementor-top-column elementor-element elementor-element-bf362f6\" data-id=\"bf362f6\" data-element_type=\"column\" data-e-type=\"column\" data-settings=\"{&quot;background_background&quot;:&quot;classic&quot;}\">\n\t\t\t<div class=\"elementor-widget-wrap elementor-element-populated\">\n\t\t\t\t\t\t<div class=\"elementor-element elementor-element-cceba5c elementor-position-top elementor-widget elementor-widget-image-box\" data-id=\"cceba5c\" data-element_type=\"widget\" data-e-type=\"widget\" data-widget_type=\"image-box.default\">\n\t\t\t\t<div class=\"elementor-widget-container\">\n\t\t\t\t\t<div class=\"elementor-image-box-wrapper\"><figure class=\"elementor-image-box-img\"><img loading=\"lazy\" decoding=\"async\" width=\"127\" height=\"129\" src=\"https:\/\/coendustriyel.com\/wp-content\/uploads\/2023\/02\/543.png\" class=\"attachment-full size-full wp-image-5484\" alt=\"\" srcset=\"https:\/\/coendustriyel.com\/wp-content\/uploads\/2023\/02\/543.png 127w, https:\/\/coendustriyel.com\/wp-content\/uploads\/2023\/02\/543-12x12.png 12w, https:\/\/coendustriyel.com\/wp-content\/uploads\/2023\/02\/543-46x46.png 46w, https:\/\/coendustriyel.com\/wp-content\/uploads\/2023\/02\/543-54x54.png 54w, https:\/\/coendustriyel.com\/wp-content\/uploads\/2023\/02\/543-80x80.png 80w\" sizes=\"(max-width: 127px) 100vw, 127px\" \/><\/figure><div class=\"elementor-image-box-content\"><h3 class=\"elementor-image-box-title\">Special assistance for retrofitting to increase capacity or switch to a different baling mode<\/h3><\/div><\/div>\t\t\t\t<\/div>\n\t\t\t\t<\/div>\n\t\t\t\t\t<\/div>\n\t\t<\/div>\n\t\t\t\t<div class=\"elementor-column elementor-col-20 elementor-top-column elementor-element elementor-element-f28c738\" data-id=\"f28c738\" data-element_type=\"column\" data-e-type=\"column\">\n\t\t\t<div class=\"elementor-widget-wrap\">\n\t\t\t\t\t\t\t<\/div>\n\t\t<\/div>\n\t\t\t\t\t<\/div>\n\t\t<\/section>\n\t\t\t\t<section class=\"elementor-section elementor-top-section elementor-element elementor-element-0c3ef63 elementor-section-boxed elementor-section-height-default elementor-section-height-default\" data-id=\"0c3ef63\" data-element_type=\"section\" data-e-type=\"section\" data-settings=\"{&quot;_ha_eqh_enable&quot;:false}\">\n\t\t\t\t\t\t<div class=\"elementor-container elementor-column-gap-default\">\n\t\t\t\t\t<div class=\"elementor-column elementor-col-100 elementor-top-column elementor-element elementor-element-5925fcb\" data-id=\"5925fcb\" data-element_type=\"column\" data-e-type=\"column\">\n\t\t\t<div class=\"elementor-widget-wrap elementor-element-populated\">\n\t\t\t\t\t\t<div class=\"elementor-element elementor-element-c025779 elementor-widget elementor-widget-spacer\" data-id=\"c025779\" data-element_type=\"widget\" data-e-type=\"widget\" data-widget_type=\"spacer.default\">\n\t\t\t\t<div class=\"elementor-widget-container\">\n\t\t\t\t\t\t\t<div class=\"elementor-spacer\">\n\t\t\t<div class=\"elementor-spacer-inner\"><\/div>\n\t\t<\/div>\n\t\t\t\t\t\t<\/div>\n\t\t\t\t<\/div>\n\t\t\t\t\t<\/div>\n\t\t<\/div>\n\t\t\t\t\t<\/div>\n\t\t<\/section>\n\t\t\t\t<\/div>","protected":false},"excerpt":{"rendered":"<p>Servis Her y\u0131l Co Endustriyel uzmanlar\u0131, fabrikalara planl\u0131 servis ziyaretleri ger\u00e7ekle\u015ftirmektedir. Bu, her t\u00fcrl\u00fc ar\u0131zay\u0131 ve sonu\u00e7 olarak \u00fcretimin durmas\u0131n\u0131 ve daha fazla kayb\u0131 \u00f6nler. Bu servis ziyaretleri s\u0131ras\u0131nda Co Endustriyel \u00e7al\u0131\u015fanlar\u0131 preslerin \u00e7al\u0131\u015fmas\u0131n\u0131 kontrol etmekte ve uygun bak\u0131m ve a\u015f\u0131nm\u0131\u015f par\u00e7alar\u0131n de\u011fi\u015ftirilmesi i\u00e7in \u00f6neriler i\u00e7eren raporlar haz\u0131rlamaktad\u0131r. Co Endustriyel uzmanlar\u0131n\u0131n tesislerdeki \u00f6nleyici bak\u0131m \u00e7al\u0131\u015fmalar\u0131na [&hellip;]<\/p>\n","protected":false},"author":2,"featured_media":0,"parent":0,"menu_order":0,"comment_status":"closed","ping_status":"closed","template":"elementor_header_footer","meta":{"footnotes":""},"class_list":["post-5131","page","type-page","status-publish","hentry"],"_links":{"self":[{"href":"https:\/\/coendustriyel.com\/en\/wp-json\/wp\/v2\/pages\/5131","targetHints":{"allow":["GET"]}}],"collection":[{"href":"https:\/\/coendustriyel.com\/en\/wp-json\/wp\/v2\/pages"}],"about":[{"href":"https:\/\/coendustriyel.com\/en\/wp-json\/wp\/v2\/types\/page"}],"author":[{"embeddable":true,"href":"https:\/\/coendustriyel.com\/en\/wp-json\/wp\/v2\/users\/2"}],"replies":[{"embeddable":true,"href":"https:\/\/coendustriyel.com\/en\/wp-json\/wp\/v2\/comments?post=5131"}],"version-history":[{"count":25,"href":"https:\/\/coendustriyel.com\/en\/wp-json\/wp\/v2\/pages\/5131\/revisions"}],"predecessor-version":[{"id":5784,"href":"https:\/\/coendustriyel.com\/en\/wp-json\/wp\/v2\/pages\/5131\/revisions\/5784"}],"wp:attachment":[{"href":"https:\/\/coendustriyel.com\/en\/wp-json\/wp\/v2\/media?parent=5131"}],"curies":[{"name":"wp","href":"https:\/\/api.w.org\/{rel}","templated":true}]}}